{"id":642,"date":"2025-04-10T00:00:20","date_gmt":"2025-04-10T00:00:20","guid":{"rendered":"https:\/\/los-mil-yuyos.com.ar\/?post_type=product&#038;p=642"},"modified":"2025-09-12T14:55:24","modified_gmt":"2025-09-12T14:55:24","slug":"cafe-en-grano-organico-selvas-amazonicas","status":"publish","type":"product","link":"https:\/\/los-mil-yuyos.com.ar\/index.php\/producto\/cafe-en-grano-organico-selvas-amazonicas\/","title":{"rendered":"Cafe en Grano (organico) selvas amazonicas"},"content":{"rendered":"<div class=\"WaaZC\">\n<div class=\"RJPOee EIJn2\">\n<div class=\"rPeykc\" data-hveid=\"CAIQAQ\" data-ved=\"2ahUKEwiv446Kj8yMAxXTLrkGHUH3ENYQo_EKegQIAhAB\"><span data-huuid=\"10337855310476436306\">El caf\u00e9 org\u00e1nico de grano de la Amazon\u00eda tiene propiedades antioxidantes, energ\u00e9ticas y puede ayudar a mejorar el rendimiento deportivo.<span class=\"pjBG2e\" data-cid=\"f6b6c97f-ccf2-4585-be4a-6856c33fc9b5\"><span class=\"UV3uM\">\u00a0<\/span><\/span><\/span><\/p>\n<div class=\"NPrrbc\" data-cid=\"f6b6c97f-ccf2-4585-be4a-6856c33fc9b5\" data-uuids=\"10337855310476436306\">\n<div class=\"BMebGe btku5b fCrZyc LwdV0e FR7ZSc OJeuxf\" tabindex=\"0\" role=\"button\" aria-label=\"Ver v\u00ednculos relacionados\" data-hveid=\"CBEQAQ\" data-ved=\"2ahUKEwiv446Kj8yMAxXTLrkGHUH3ENYQ3fYKegQIERAB\">\n<div class=\"niO4u\">\n<div class=\"kHtcsd\"><\/div>\n<\/div>\n<\/div>\n<\/div>\n<\/div>\n<\/div>\n<\/div>\n<div class=\"WaaZC\">\n<div class=\"RJPOee EIJn2\">\n<div class=\"rPeykc uP58nb\" data-hveid=\"CBMQAQ\" data-ved=\"2ahUKEwiv446Kj8yMAxXTLrkGHUH3ENYQo_EKegQIExAB\"><span data-huuid=\"10337855310476436024\"><span role=\"heading\" aria-level=\"2\">Propiedades antioxidantes<\/span><span class=\"pjBG2e\" data-cid=\"285dccd5-14d0-429f-88b5-591a15a69fe1\"><span class=\"UV3uM\">\u00a0<\/span><\/span><\/span><\/p>\n<div class=\"NPrrbc\" data-cid=\"285dccd5-14d0-429f-88b5-591a15a69fe1\" data-uuids=\"10337855310476436024,10337855310476435601,10337855310476439415,10337855310476439133\">\n<div class=\"BMebGe btku5b fCrZyc LwdV0e FR7ZSc OJeuxf\" tabindex=\"0\" role=\"button\" aria-label=\"Ver v\u00ednculos relacionados\" data-hveid=\"CBIQAQ\" data-ved=\"2ahUKEwiv446Kj8yMAxXTLrkGHUH3ENYQ3fYKegQIEhAB\">\n<div class=\"niO4u\">\n<div class=\"kHtcsd\"><\/div>\n<\/div>\n<\/div>\n<\/div>\n<\/div>\n<\/div>\n<\/div>\n<div class=\"WaaZC\">\n<div class=\"RJPOee EIJn2\">\n<ul data-hveid=\"CBAQAQ\" data-ved=\"2ahUKEwiv446Kj8yMAxXTLrkGHUH3ENYQm_YKegQIEBAB\">\n<li><span data-huuid=\"10337855310476435601\">Rico en antioxidantes, que ayudan a proteger el cuerpo contra los radicales libres<\/span><\/li>\n<li><span data-huuid=\"10337855310476439415\">Reduce el riesgo de enfermedades cr\u00f3nicas<\/span><\/li>\n<li><span data-huuid=\"10337855310476439133\">Contiene polifenoles que ayudan a prevenir enfermedades<\/span><\/li>\n<\/ul>\n<\/div>\n<\/div>\n<div class=\"WaaZC\">\n<div class=\"RJPOee EIJn2\">\n<div class=\"rPeykc uP58nb\" data-hveid=\"CBgQAQ\" data-ved=\"2ahUKEwiv446Kj8yMAxXTLrkGHUH3ENYQo_EKegQIGBAB\"><span data-huuid=\"6467126886720499815\"><span role=\"heading\" aria-level=\"2\">Propiedades energ\u00e9ticas<\/span><span class=\"pjBG2e\" data-cid=\"0f8e1768-826c-4f14-84a0-82253f08e592\"><span class=\"UV3uM\">\u00a0<\/span><\/span><\/span><\/p>\n<div class=\"NPrrbc\" data-cid=\"0f8e1768-826c-4f14-84a0-82253f08e592\" data-uuids=\"6467126886720499815,6467126886720500884,6467126886720502962,6467126886720500944\">\n<div class=\"BMebGe btku5b fCrZyc LwdV0e FR7ZSc OJeuxf\" tabindex=\"0\" role=\"button\" aria-label=\"Ver v\u00ednculos relacionados\" data-hveid=\"CBoQAQ\" data-ved=\"2ahUKEwiv446Kj8yMAxXTLrkGHUH3ENYQ3fYKegQIGhAB\">\n<div class=\"niO4u\">\n<div class=\"kHtcsd\"><\/div>\n<\/div>\n<\/div>\n<\/div>\n<\/div>\n<\/div>\n<\/div>\n<div class=\"WaaZC\">\n<div class=\"RJPOee EIJn2\">\n<ul data-hveid=\"CB0QAQ\" data-ved=\"2ahUKEwiv446Kj8yMAxXTLrkGHUH3ENYQm_YKegQIHRAB\">\n<li><span data-huuid=\"6467126886720500884\">Aumenta los niveles de energ\u00eda<\/span><\/li>\n<li><span data-huuid=\"6467126886720502962\">Aumenta el estado de alerta y reduce la fatiga<\/span><\/li>\n<li><span data-huuid=\"6467126886720500944\">Favorece el metabolismo y ayuda a controlar el peso<\/span><\/li>\n<\/ul>\n<\/div>\n<\/div>\n<div id=\"_jgT3Z6_kD9Pd5OUPwe7DsA0_13\"><\/div>\n<div class=\"WaaZC\">\n<div class=\"RJPOee EIJn2\">\n<div class=\"rPeykc uP58nb\" data-hveid=\"CCcQAQ\" data-ved=\"2ahUKEwiv446Kj8yMAxXTLrkGHUH3ENYQo_EKegQIJxAB\"><span data-huuid=\"4078536495736989778\"><span role=\"heading\" aria-level=\"2\">Propiedades deportivas<\/span><\/span><\/div>\n<\/div>\n<\/div>\n<div class=\"WaaZC\">\n<div class=\"RJPOee EIJn2\">\n<ul data-hveid=\"CCkQAQ\" data-ved=\"2ahUKEwiv446Kj8yMAxXTLrkGHUH3ENYQm_YKegQIKRAB\">\n<li><span data-huuid=\"4078536495736990091\">Aumenta los niveles de adrenalina, por lo que es una de las bebidas preferidas de los deportistas<span class=\"pjBG2e\" data-cid=\"ebf117a2-85ac-49da-9ced-07d5b70067cc\"><span class=\"UV3uM\">\u00a0<\/span><\/span><\/span>\n<div class=\"NPrrbc\" data-cid=\"ebf117a2-85ac-49da-9ced-07d5b70067cc\" data-uuids=\"4078536495736990091\">\n<div class=\"BMebGe btku5b fCrZyc LwdV0e FR7ZSc OJeuxf\" tabindex=\"0\" role=\"button\" aria-label=\"Ver v\u00ednculos relacionados\" data-hveid=\"CCwQAQ\" data-ved=\"2ahUKEwiv446Kj8yMAxXTLrkGHUH3ENYQ3fYKegQILBAB\">\n<div class=\"niO4u\">\n<div class=\"kHtcsd\"><\/div>\n<\/div>\n<\/div>\n<\/div>\n<\/li>\n<li><span data-huuid=\"4078536495736991665\">Mejora el rendimiento deportivo al ser un vaso dilatador<span class=\"pjBG2e\" data-cid=\"fe655ef4-c0cb-4dd4-a9f8-3184399d2e7f\"><span class=\"UV3uM\">\u00a0<\/span><\/span><\/span>\n<div class=\"NPrrbc\" data-cid=\"fe655ef4-c0cb-4dd4-a9f8-3184399d2e7f\" data-uuids=\"4078536495736991665\">\n<div class=\"BMebGe btku5b fCrZyc LwdV0e FR7ZSc OJeuxf\" tabindex=\"0\" role=\"button\" aria-label=\"Ver v\u00ednculos relacionados\" data-hveid=\"CC0QAQ\" data-ved=\"2ahUKEwiv446Kj8yMAxXTLrkGHUH3ENYQ3fYKegQILRAB\">\n<div class=\"niO4u\">\n<div class=\"kHtcsd\"><\/div>\n<\/div>\n<\/div>\n<\/div>\n<\/li>\n<\/ul>\n<\/div>\n<\/div>\n<div id=\"_jgT3Z6_kD9Pd5OUPwe7DsA0_17\"><\/div>\n<div class=\"WaaZC\">\n<div class=\"RJPOee EIJn2\">\n<div class=\"rPeykc uP58nb\" data-hveid=\"CDIQAQ\" data-ved=\"2ahUKEwiv446Kj8yMAxXTLrkGHUH3ENYQo_EKegQIMhAB\"><span data-huuid=\"949425709883751063\"><span role=\"heading\" aria-level=\"2\">Otros beneficios<\/span><span class=\"pjBG2e\" data-cid=\"aeccf2b1-7e5f-4f5e-aea5-e2cf39832d2b\"><span class=\"UV3uM\">\u00a0<\/span><\/span><\/span><\/p>\n<div class=\"NPrrbc\" data-cid=\"aeccf2b1-7e5f-4f5e-aea5-e2cf39832d2b\" data-uuids=\"949425709883751063,949425709883751880,949425709883749694,949425709883751604,949425709883749418,949425709883751328\">\n<div class=\"BMebGe btku5b fCrZyc LwdV0e FR7ZSc OJeuxf\" tabindex=\"0\" role=\"button\" aria-label=\"Ver v\u00ednculos relacionados\" data-hveid=\"CDYQAQ\" data-ved=\"2ahUKEwiv446Kj8yMAxXTLrkGHUH3ENYQ3fYKegQINhAB\">\n<div class=\"niO4u\">\n<div class=\"kHtcsd\"><\/div>\n<\/div>\n<\/div>\n<\/div>\n<\/div>\n<\/div>\n<\/div>\n<div class=\"WaaZC\">\n<div class=\"RJPOee EIJn2\">\n<ul data-hveid=\"CEEQAQ\" data-ved=\"2ahUKEwiv446Kj8yMAxXTLrkGHUH3ENYQm_YKegQIQRAB\">\n<li><span data-huuid=\"949425709883751880\">Es un producto completamente natural<\/span><\/li>\n<li><span data-huuid=\"949425709883749694\">Tiene un impacto positivo en comunidades locales, promoviendo la sostenibilidad social<\/span><\/li>\n<li><span data-huuid=\"949425709883751604\">Su aroma y sabor es m\u00e1s puro y natural<\/span><\/li>\n<li><span data-huuid=\"949425709883749418\">Reduce la exposici\u00f3n a toxinas<\/span><\/li>\n<li><span data-huuid=\"949425709883751328\">Ofrece un mayor contenido de antioxidantes<\/span><\/li>\n<\/ul>\n<\/div>\n<\/div>\n<div id=\"_jgT3Z6_kD9Pd5OUPwe7DsA0_20\"><\/div>\n<div class=\"WaaZC\">\n<div class=\"RJPOee EIJn2\">\n<div class=\"rPeykc\" data-hveid=\"CEUQAQ\" data-ved=\"2ahUKEwiv446Kj8yMAxXTLrkGHUH3ENYQo_EKegQIRRAB\"><span data-huuid=\"10337855310476436461\">El caf\u00e9 org\u00e1nico se cultiva sin pesticidas ni productos qu\u00edmicos sint\u00e9ticos, sino que utiliza fertilizantes org\u00e1nicos.<span class=\"pjBG2e\" data-cid=\"253a8a6c-f50c-4a54-858b-603006912677\"><span class=\"UV3uM\">\u00a0<\/span><\/span><\/span><\/div>\n<\/div>\n<\/div>\n","protected":false},"excerpt":{"rendered":"<p>Granos de Cafe x 100 grs\u00a0 500 grs\u00a0 1kg<\/p>\n","protected":false},"featured_media":643,"comment_status":"open","ping_status":"closed","template":"","meta":{"site-sidebar-layout":"default","site-content-layout":"default","ast-main-header-display":"","ast-hfb-above-header-display":"","ast-hfb-below-header-display":"","ast-hfb-mobile-header-display":"","site-post-title":"","ast-breadcrumbs-content":"","ast-featured-img":"","footer-sml-layout":"","theme-transparent-header-meta":"default","adv-header-id-meta":"","stick-header-meta":"","header-above-stick-meta":"","header-main-stick-meta":"","header-below-stick-meta":""},"product_cat":[15],"product_tag":[],"yoast_head":"<!-- This site is optimized with the Yoast SEO plugin v21.7 - https:\/\/yoast.com\/wordpress\/plugins\/seo\/ -->\n<title>| La Casa De Los Mil Yuyos Salta<\/title>\n<meta name=\"description\" content=\"Amplia variedad en productos de Herboristeria, Santeria y diet\u00e9tica en la provincia de Salta. Mas de 20 a\u00f1os en el mercado nos avalan como un comercio l\u00edder en la industria. Tienda online abierta las 24 hs.\" \/>\n<meta name=\"robots\" content=\"index, follow, max-snippet:-1, max-image-preview:large, max-video-preview:-1\" \/>\n<link rel=\"canonical\" href=\"https:\/\/los-mil-yuyos.com.ar\/index.php\/producto\/cafe-en-grano-organico-selvas-amazonicas\/\" \/>\n<meta property=\"og:locale\" content=\"es_ES\" \/>\n<meta property=\"og:type\" content=\"article\" \/>\n<meta property=\"og:title\" content=\"| La Casa De Los Mil Yuyos Salta\" \/>\n<meta property=\"og:description\" content=\"Amplia variedad en productos de Herboristeria, Santeria y diet\u00e9tica en la provincia de Salta. Mas de 20 a\u00f1os en el mercado nos avalan como un comercio l\u00edder en la industria. Tienda online abierta las 24 hs.\" \/>\n<meta property=\"og:url\" content=\"https:\/\/los-mil-yuyos.com.ar\/index.php\/producto\/cafe-en-grano-organico-selvas-amazonicas\/\" \/>\n<meta property=\"og:site_name\" content=\"La Casa De Los Mil Yuyos\" \/>\n<meta property=\"article:modified_time\" content=\"2025-09-12T14:55:24+00:00\" \/>\n<meta property=\"og:image\" content=\"http:\/\/los-mil-yuyos.com.ar\/wp-content\/uploads\/2025\/04\/cafe-grano-organico.jpeg\" \/>\n\t<meta property=\"og:image:width\" content=\"277\" \/>\n\t<meta property=\"og:image:height\" content=\"600\" \/>\n\t<meta property=\"og:image:type\" content=\"image\/jpeg\" \/>\n<meta name=\"twitter:card\" content=\"summary_large_image\" \/>\n<meta name=\"twitter:label1\" content=\"Tiempo de lectura\" \/>\n\t<meta name=\"twitter:data1\" content=\"1 minuto\" \/>\n<script type=\"application\/ld+json\" class=\"yoast-schema-graph\">{\"@context\":\"https:\/\/schema.org\",\"@graph\":[{\"@type\":\"WebPage\",\"@id\":\"https:\/\/los-mil-yuyos.com.ar\/index.php\/producto\/cafe-en-grano-organico-selvas-amazonicas\/\",\"url\":\"https:\/\/los-mil-yuyos.com.ar\/index.php\/producto\/cafe-en-grano-organico-selvas-amazonicas\/\",\"name\":\"| La Casa De Los Mil Yuyos Salta\",\"isPartOf\":{\"@id\":\"https:\/\/los-mil-yuyos.com.ar\/#website\"},\"datePublished\":\"2025-04-10T00:00:20+00:00\",\"dateModified\":\"2025-09-12T14:55:24+00:00\",\"description\":\"Amplia variedad en productos de Herboristeria, Santeria y diet\u00e9tica en la provincia de Salta. Mas de 20 a\u00f1os en el mercado nos avalan como un comercio l\u00edder en la industria. Tienda online abierta las 24 hs.\",\"breadcrumb\":{\"@id\":\"https:\/\/los-mil-yuyos.com.ar\/index.php\/producto\/cafe-en-grano-organico-selvas-amazonicas\/#breadcrumb\"},\"inLanguage\":\"es-AR\",\"potentialAction\":[{\"@type\":\"ReadAction\",\"target\":[\"https:\/\/los-mil-yuyos.com.ar\/index.php\/producto\/cafe-en-grano-organico-selvas-amazonicas\/\"]}]},{\"@type\":\"BreadcrumbList\",\"@id\":\"https:\/\/los-mil-yuyos.com.ar\/index.php\/producto\/cafe-en-grano-organico-selvas-amazonicas\/#breadcrumb\",\"itemListElement\":[{\"@type\":\"ListItem\",\"position\":1,\"name\":\"Inicio\",\"item\":\"https:\/\/los-mil-yuyos.com.ar\/\"},{\"@type\":\"ListItem\",\"position\":2,\"name\":\"Tienda\",\"item\":\"https:\/\/los-mil-yuyos.com.ar\/index.php\/tienda\/\"},{\"@type\":\"ListItem\",\"position\":3,\"name\":\"Cafe en Grano (organico) selvas amazonicas\"}]},{\"@type\":\"WebSite\",\"@id\":\"https:\/\/los-mil-yuyos.com.ar\/#website\",\"url\":\"https:\/\/los-mil-yuyos.com.ar\/\",\"name\":\"La Casa De Los Mil Yuyos\",\"description\":\"La naturaleza es mi medicina.\",\"publisher\":{\"@id\":\"https:\/\/los-mil-yuyos.com.ar\/#organization\"},\"potentialAction\":[{\"@type\":\"SearchAction\",\"target\":{\"@type\":\"EntryPoint\",\"urlTemplate\":\"https:\/\/los-mil-yuyos.com.ar\/?s={search_term_string}\"},\"query-input\":\"required name=search_term_string\"}],\"inLanguage\":\"es-AR\"},{\"@type\":\"Organization\",\"@id\":\"https:\/\/los-mil-yuyos.com.ar\/#organization\",\"name\":\"La Casa De Los Mil Yuyos\",\"url\":\"https:\/\/los-mil-yuyos.com.ar\/\",\"logo\":{\"@type\":\"ImageObject\",\"inLanguage\":\"es-AR\",\"@id\":\"https:\/\/los-mil-yuyos.com.ar\/#\/schema\/logo\/image\/\",\"url\":\"https:\/\/los-mil-yuyos.com.ar\/wp-content\/uploads\/2022\/03\/MIL-YUYOS-LOGO.png\",\"contentUrl\":\"https:\/\/los-mil-yuyos.com.ar\/wp-content\/uploads\/2022\/03\/MIL-YUYOS-LOGO.png\",\"width\":1000,\"height\":270,\"caption\":\"La Casa De Los Mil Yuyos\"},\"image\":{\"@id\":\"https:\/\/los-mil-yuyos.com.ar\/#\/schema\/logo\/image\/\"}}]}<\/script>\n<!-- \/ Yoast SEO plugin. -->","yoast_head_json":{"title":"| La Casa De Los Mil Yuyos Salta","description":"Amplia variedad en productos de Herboristeria, Santeria y diet\u00e9tica en la provincia de Salta. Mas de 20 a\u00f1os en el mercado nos avalan como un comercio l\u00edder en la industria. Tienda online abierta las 24 hs.","robots":{"index":"index","follow":"follow","max-snippet":"max-snippet:-1","max-image-preview":"max-image-preview:large","max-video-preview":"max-video-preview:-1"},"canonical":"https:\/\/los-mil-yuyos.com.ar\/index.php\/producto\/cafe-en-grano-organico-selvas-amazonicas\/","og_locale":"es_ES","og_type":"article","og_title":"| La Casa De Los Mil Yuyos Salta","og_description":"Amplia variedad en productos de Herboristeria, Santeria y diet\u00e9tica en la provincia de Salta. Mas de 20 a\u00f1os en el mercado nos avalan como un comercio l\u00edder en la industria. Tienda online abierta las 24 hs.","og_url":"https:\/\/los-mil-yuyos.com.ar\/index.php\/producto\/cafe-en-grano-organico-selvas-amazonicas\/","og_site_name":"La Casa De Los Mil Yuyos","article_modified_time":"2025-09-12T14:55:24+00:00","og_image":[{"width":277,"height":600,"url":"http:\/\/los-mil-yuyos.com.ar\/wp-content\/uploads\/2025\/04\/cafe-grano-organico.jpeg","type":"image\/jpeg"}],"twitter_card":"summary_large_image","twitter_misc":{"Tiempo de lectura":"1 minuto"},"schema":{"@context":"https:\/\/schema.org","@graph":[{"@type":"WebPage","@id":"https:\/\/los-mil-yuyos.com.ar\/index.php\/producto\/cafe-en-grano-organico-selvas-amazonicas\/","url":"https:\/\/los-mil-yuyos.com.ar\/index.php\/producto\/cafe-en-grano-organico-selvas-amazonicas\/","name":"| La Casa De Los Mil Yuyos Salta","isPartOf":{"@id":"https:\/\/los-mil-yuyos.com.ar\/#website"},"datePublished":"2025-04-10T00:00:20+00:00","dateModified":"2025-09-12T14:55:24+00:00","description":"Amplia variedad en productos de Herboristeria, Santeria y diet\u00e9tica en la provincia de Salta. Mas de 20 a\u00f1os en el mercado nos avalan como un comercio l\u00edder en la industria. Tienda online abierta las 24 hs.","breadcrumb":{"@id":"https:\/\/los-mil-yuyos.com.ar\/index.php\/producto\/cafe-en-grano-organico-selvas-amazonicas\/#breadcrumb"},"inLanguage":"es-AR","potentialAction":[{"@type":"ReadAction","target":["https:\/\/los-mil-yuyos.com.ar\/index.php\/producto\/cafe-en-grano-organico-selvas-amazonicas\/"]}]},{"@type":"BreadcrumbList","@id":"https:\/\/los-mil-yuyos.com.ar\/index.php\/producto\/cafe-en-grano-organico-selvas-amazonicas\/#breadcrumb","itemListElement":[{"@type":"ListItem","position":1,"name":"Inicio","item":"https:\/\/los-mil-yuyos.com.ar\/"},{"@type":"ListItem","position":2,"name":"Tienda","item":"https:\/\/los-mil-yuyos.com.ar\/index.php\/tienda\/"},{"@type":"ListItem","position":3,"name":"Cafe en Grano (organico) selvas amazonicas"}]},{"@type":"WebSite","@id":"https:\/\/los-mil-yuyos.com.ar\/#website","url":"https:\/\/los-mil-yuyos.com.ar\/","name":"La Casa De Los Mil Yuyos","description":"La naturaleza es mi medicina.","publisher":{"@id":"https:\/\/los-mil-yuyos.com.ar\/#organization"},"potentialAction":[{"@type":"SearchAction","target":{"@type":"EntryPoint","urlTemplate":"https:\/\/los-mil-yuyos.com.ar\/?s={search_term_string}"},"query-input":"required name=search_term_string"}],"inLanguage":"es-AR"},{"@type":"Organization","@id":"https:\/\/los-mil-yuyos.com.ar\/#organization","name":"La Casa De Los Mil Yuyos","url":"https:\/\/los-mil-yuyos.com.ar\/","logo":{"@type":"ImageObject","inLanguage":"es-AR","@id":"https:\/\/los-mil-yuyos.com.ar\/#\/schema\/logo\/image\/","url":"https:\/\/los-mil-yuyos.com.ar\/wp-content\/uploads\/2022\/03\/MIL-YUYOS-LOGO.png","contentUrl":"https:\/\/los-mil-yuyos.com.ar\/wp-content\/uploads\/2022\/03\/MIL-YUYOS-LOGO.png","width":1000,"height":270,"caption":"La Casa De Los Mil Yuyos"},"image":{"@id":"https:\/\/los-mil-yuyos.com.ar\/#\/schema\/logo\/image\/"}}]}},"_links":{"self":[{"href":"https:\/\/los-mil-yuyos.com.ar\/index.php\/wp-json\/wp\/v2\/product\/642"}],"collection":[{"href":"https:\/\/los-mil-yuyos.com.ar\/index.php\/wp-json\/wp\/v2\/product"}],"about":[{"href":"https:\/\/los-mil-yuyos.com.ar\/index.php\/wp-json\/wp\/v2\/types\/product"}],"replies":[{"embeddable":true,"href":"https:\/\/los-mil-yuyos.com.ar\/index.php\/wp-json\/wp\/v2\/comments?post=642"}],"wp:featuredmedia":[{"embeddable":true,"href":"https:\/\/los-mil-yuyos.com.ar\/index.php\/wp-json\/wp\/v2\/media\/643"}],"wp:attachment":[{"href":"https:\/\/los-mil-yuyos.com.ar\/index.php\/wp-json\/wp\/v2\/media?parent=642"}],"wp:term":[{"taxonomy":"product_cat","embeddable":true,"href":"https:\/\/los-mil-yuyos.com.ar\/index.php\/wp-json\/wp\/v2\/product_cat?post=642"},{"taxonomy":"product_tag","embeddable":true,"href":"https:\/\/los-mil-yuyos.com.ar\/index.php\/wp-json\/wp\/v2\/product_tag?post=642"}],"curies":[{"name":"wp","href":"https:\/\/api.w.org\/{rel}","templated":true}]}}