{"id":593,"date":"2023-12-18T21:16:23","date_gmt":"2023-12-18T21:16:23","guid":{"rendered":"https:\/\/los-mil-yuyos.com.ar\/?post_type=product&#038;p=593"},"modified":"2025-09-12T14:57:00","modified_gmt":"2025-09-12T14:57:00","slug":"graviola-o-guanabana","status":"publish","type":"product","link":"https:\/\/los-mil-yuyos.com.ar\/index.php\/producto\/graviola-o-guanabana\/","title":{"rendered":"Graviola  o Guanabana"},"content":{"rendered":"<p>\u201cLa G<b>raviola<\/b> o Guan\u00e1bana se conoce desde el Per\u00fa prehisp\u00e1nico y se ha usado tradicionalmente en casos de diabetes, raquitismo, catarros, indigesti\u00f3n y parasitosis intestinal por sus propiedades astringentes, depurativas y digestivas\u201d. Este maravilloso fruto contiene compuestos (A cetogeninas annonaceous) que podr\u00edan tener efectos similares a los que la\u00a0<b>quimioterapia<\/b>. De igual forma, existe evidencia cient\u00edfica que indica que el extracto de guan\u00e1bana inhibe el crecimiento de c\u00e9lulas cancerosas.<\/p>\n<p>CONSULTE A SU MEDICO !!<\/p>\n","protected":false},"excerpt":{"rendered":"<p>\u201cLa Graviola o Guan\u00e1bana se conoce desde el Per\u00fa prehisp\u00e1nico y se ha usado tradicionalmente en casos de diabetes, raquitismo, catarros, indigesti\u00f3n y parasitosis intestinal por sus propiedades astringentes, depurativas y digestivas\u201d. Este maravilloso fruto contiene compuestos (A cetogeninas annonaceous) que podr\u00edan tener efectos similares a los que la\u00a0quimioterapia. De igual forma, existe evidencia cient\u00edfica &hellip;<\/p>\n<p class=\"read-more\"> <a class=\"\" href=\"https:\/\/los-mil-yuyos.com.ar\/index.php\/producto\/graviola-o-guanabana\/\"> <span class=\"screen-reader-text\">Graviola  o Guanabana<\/span> Leer m\u00e1s &raquo;<\/a><\/p>\n","protected":false},"featured_media":595,"comment_status":"open","ping_status":"closed","template":"","meta":{"site-sidebar-layout":"default","site-content-layout":"default","ast-main-header-display":"","ast-hfb-above-header-display":"","ast-hfb-below-header-display":"","ast-hfb-mobile-header-display":"","site-post-title":"","ast-breadcrumbs-content":"","ast-featured-img":"","footer-sml-layout":"","theme-transparent-header-meta":"default","adv-header-id-meta":"","stick-header-meta":"","header-above-stick-meta":"","header-main-stick-meta":"","header-below-stick-meta":""},"product_cat":[17],"product_tag":[],"yoast_head":"<!-- This site is optimized with the Yoast SEO plugin v21.7 - https:\/\/yoast.com\/wordpress\/plugins\/seo\/ -->\n<title>| La Casa De Los Mil Yuyos Salta Graviola - Guanabana<\/title>\n<meta name=\"description\" content=\"Amplia variedad en productos de Herboristeria, Santeria y diet\u00e9tica en la provincia de Salta. Mas de 20 a\u00f1os en el mercado nos avalan como un comercio l\u00edder en la industria. Tienda online abierta las 24 hs.\" \/>\n<meta name=\"robots\" content=\"index, follow, max-snippet:-1, max-image-preview:large, max-video-preview:-1\" \/>\n<link rel=\"canonical\" href=\"https:\/\/los-mil-yuyos.com.ar\/index.php\/producto\/graviola-o-guanabana\/\" \/>\n<meta property=\"og:locale\" content=\"es_ES\" \/>\n<meta property=\"og:type\" content=\"article\" \/>\n<meta property=\"og:title\" content=\"| La Casa De Los Mil Yuyos Salta Graviola - Guanabana\" \/>\n<meta property=\"og:description\" content=\"Amplia variedad en productos de Herboristeria, Santeria y diet\u00e9tica en la provincia de Salta. Mas de 20 a\u00f1os en el mercado nos avalan como un comercio l\u00edder en la industria. Tienda online abierta las 24 hs.\" \/>\n<meta property=\"og:url\" content=\"https:\/\/los-mil-yuyos.com.ar\/index.php\/producto\/graviola-o-guanabana\/\" \/>\n<meta property=\"og:site_name\" content=\"La Casa De Los Mil Yuyos\" \/>\n<meta property=\"article:modified_time\" content=\"2025-09-12T14:57:00+00:00\" \/>\n<meta property=\"og:image\" content=\"http:\/\/los-mil-yuyos.com.ar\/wp-content\/uploads\/2022\/05\/graviola-capsulas-x-90-e1652907537877.jpeg\" \/>\n\t<meta property=\"og:image:width\" content=\"225\" \/>\n\t<meta property=\"og:image:height\" content=\"394\" \/>\n\t<meta property=\"og:image:type\" content=\"image\/jpeg\" \/>\n<meta name=\"twitter:card\" content=\"summary_large_image\" \/>\n<meta name=\"twitter:label1\" content=\"Tiempo de lectura\" \/>\n\t<meta name=\"twitter:data1\" content=\"1 minuto\" \/>\n<script type=\"application\/ld+json\" class=\"yoast-schema-graph\">{\"@context\":\"https:\/\/schema.org\",\"@graph\":[{\"@type\":\"WebPage\",\"@id\":\"https:\/\/los-mil-yuyos.com.ar\/index.php\/producto\/graviola-o-guanabana\/\",\"url\":\"https:\/\/los-mil-yuyos.com.ar\/index.php\/producto\/graviola-o-guanabana\/\",\"name\":\"| La Casa De Los Mil Yuyos Salta Graviola - Guanabana\",\"isPartOf\":{\"@id\":\"https:\/\/los-mil-yuyos.com.ar\/#website\"},\"datePublished\":\"2023-12-18T21:16:23+00:00\",\"dateModified\":\"2025-09-12T14:57:00+00:00\",\"description\":\"Amplia variedad en productos de Herboristeria, Santeria y diet\u00e9tica en la provincia de Salta. Mas de 20 a\u00f1os en el mercado nos avalan como un comercio l\u00edder en la industria. Tienda online abierta las 24 hs.\",\"breadcrumb\":{\"@id\":\"https:\/\/los-mil-yuyos.com.ar\/index.php\/producto\/graviola-o-guanabana\/#breadcrumb\"},\"inLanguage\":\"es-AR\",\"potentialAction\":[{\"@type\":\"ReadAction\",\"target\":[\"https:\/\/los-mil-yuyos.com.ar\/index.php\/producto\/graviola-o-guanabana\/\"]}]},{\"@type\":\"BreadcrumbList\",\"@id\":\"https:\/\/los-mil-yuyos.com.ar\/index.php\/producto\/graviola-o-guanabana\/#breadcrumb\",\"itemListElement\":[{\"@type\":\"ListItem\",\"position\":1,\"name\":\"Inicio\",\"item\":\"https:\/\/los-mil-yuyos.com.ar\/\"},{\"@type\":\"ListItem\",\"position\":2,\"name\":\"Tienda\",\"item\":\"https:\/\/los-mil-yuyos.com.ar\/index.php\/tienda\/\"},{\"@type\":\"ListItem\",\"position\":3,\"name\":\"Graviola o Guanabana\"}]},{\"@type\":\"WebSite\",\"@id\":\"https:\/\/los-mil-yuyos.com.ar\/#website\",\"url\":\"https:\/\/los-mil-yuyos.com.ar\/\",\"name\":\"La Casa De Los Mil Yuyos\",\"description\":\"La naturaleza es mi medicina.\",\"publisher\":{\"@id\":\"https:\/\/los-mil-yuyos.com.ar\/#organization\"},\"potentialAction\":[{\"@type\":\"SearchAction\",\"target\":{\"@type\":\"EntryPoint\",\"urlTemplate\":\"https:\/\/los-mil-yuyos.com.ar\/?s={search_term_string}\"},\"query-input\":\"required name=search_term_string\"}],\"inLanguage\":\"es-AR\"},{\"@type\":\"Organization\",\"@id\":\"https:\/\/los-mil-yuyos.com.ar\/#organization\",\"name\":\"La Casa De Los Mil Yuyos\",\"url\":\"https:\/\/los-mil-yuyos.com.ar\/\",\"logo\":{\"@type\":\"ImageObject\",\"inLanguage\":\"es-AR\",\"@id\":\"https:\/\/los-mil-yuyos.com.ar\/#\/schema\/logo\/image\/\",\"url\":\"https:\/\/los-mil-yuyos.com.ar\/wp-content\/uploads\/2022\/03\/MIL-YUYOS-LOGO.png\",\"contentUrl\":\"https:\/\/los-mil-yuyos.com.ar\/wp-content\/uploads\/2022\/03\/MIL-YUYOS-LOGO.png\",\"width\":1000,\"height\":270,\"caption\":\"La Casa De Los Mil Yuyos\"},\"image\":{\"@id\":\"https:\/\/los-mil-yuyos.com.ar\/#\/schema\/logo\/image\/\"}}]}<\/script>\n<!-- \/ Yoast SEO plugin. -->","yoast_head_json":{"title":"| La Casa De Los Mil Yuyos Salta Graviola - Guanabana","description":"Amplia variedad en productos de Herboristeria, Santeria y diet\u00e9tica en la provincia de Salta. Mas de 20 a\u00f1os en el mercado nos avalan como un comercio l\u00edder en la industria. Tienda online abierta las 24 hs.","robots":{"index":"index","follow":"follow","max-snippet":"max-snippet:-1","max-image-preview":"max-image-preview:large","max-video-preview":"max-video-preview:-1"},"canonical":"https:\/\/los-mil-yuyos.com.ar\/index.php\/producto\/graviola-o-guanabana\/","og_locale":"es_ES","og_type":"article","og_title":"| La Casa De Los Mil Yuyos Salta Graviola - Guanabana","og_description":"Amplia variedad en productos de Herboristeria, Santeria y diet\u00e9tica en la provincia de Salta. Mas de 20 a\u00f1os en el mercado nos avalan como un comercio l\u00edder en la industria. Tienda online abierta las 24 hs.","og_url":"https:\/\/los-mil-yuyos.com.ar\/index.php\/producto\/graviola-o-guanabana\/","og_site_name":"La Casa De Los Mil Yuyos","article_modified_time":"2025-09-12T14:57:00+00:00","og_image":[{"width":225,"height":394,"url":"http:\/\/los-mil-yuyos.com.ar\/wp-content\/uploads\/2022\/05\/graviola-capsulas-x-90-e1652907537877.jpeg","type":"image\/jpeg"}],"twitter_card":"summary_large_image","twitter_misc":{"Tiempo de lectura":"1 minuto"},"schema":{"@context":"https:\/\/schema.org","@graph":[{"@type":"WebPage","@id":"https:\/\/los-mil-yuyos.com.ar\/index.php\/producto\/graviola-o-guanabana\/","url":"https:\/\/los-mil-yuyos.com.ar\/index.php\/producto\/graviola-o-guanabana\/","name":"| La Casa De Los Mil Yuyos Salta Graviola - Guanabana","isPartOf":{"@id":"https:\/\/los-mil-yuyos.com.ar\/#website"},"datePublished":"2023-12-18T21:16:23+00:00","dateModified":"2025-09-12T14:57:00+00:00","description":"Amplia variedad en productos de Herboristeria, Santeria y diet\u00e9tica en la provincia de Salta. Mas de 20 a\u00f1os en el mercado nos avalan como un comercio l\u00edder en la industria. Tienda online abierta las 24 hs.","breadcrumb":{"@id":"https:\/\/los-mil-yuyos.com.ar\/index.php\/producto\/graviola-o-guanabana\/#breadcrumb"},"inLanguage":"es-AR","potentialAction":[{"@type":"ReadAction","target":["https:\/\/los-mil-yuyos.com.ar\/index.php\/producto\/graviola-o-guanabana\/"]}]},{"@type":"BreadcrumbList","@id":"https:\/\/los-mil-yuyos.com.ar\/index.php\/producto\/graviola-o-guanabana\/#breadcrumb","itemListElement":[{"@type":"ListItem","position":1,"name":"Inicio","item":"https:\/\/los-mil-yuyos.com.ar\/"},{"@type":"ListItem","position":2,"name":"Tienda","item":"https:\/\/los-mil-yuyos.com.ar\/index.php\/tienda\/"},{"@type":"ListItem","position":3,"name":"Graviola o Guanabana"}]},{"@type":"WebSite","@id":"https:\/\/los-mil-yuyos.com.ar\/#website","url":"https:\/\/los-mil-yuyos.com.ar\/","name":"La Casa De Los Mil Yuyos","description":"La naturaleza es mi medicina.","publisher":{"@id":"https:\/\/los-mil-yuyos.com.ar\/#organization"},"potentialAction":[{"@type":"SearchAction","target":{"@type":"EntryPoint","urlTemplate":"https:\/\/los-mil-yuyos.com.ar\/?s={search_term_string}"},"query-input":"required name=search_term_string"}],"inLanguage":"es-AR"},{"@type":"Organization","@id":"https:\/\/los-mil-yuyos.com.ar\/#organization","name":"La Casa De Los Mil Yuyos","url":"https:\/\/los-mil-yuyos.com.ar\/","logo":{"@type":"ImageObject","inLanguage":"es-AR","@id":"https:\/\/los-mil-yuyos.com.ar\/#\/schema\/logo\/image\/","url":"https:\/\/los-mil-yuyos.com.ar\/wp-content\/uploads\/2022\/03\/MIL-YUYOS-LOGO.png","contentUrl":"https:\/\/los-mil-yuyos.com.ar\/wp-content\/uploads\/2022\/03\/MIL-YUYOS-LOGO.png","width":1000,"height":270,"caption":"La Casa De Los Mil Yuyos"},"image":{"@id":"https:\/\/los-mil-yuyos.com.ar\/#\/schema\/logo\/image\/"}}]}},"_links":{"self":[{"href":"https:\/\/los-mil-yuyos.com.ar\/index.php\/wp-json\/wp\/v2\/product\/593"}],"collection":[{"href":"https:\/\/los-mil-yuyos.com.ar\/index.php\/wp-json\/wp\/v2\/product"}],"about":[{"href":"https:\/\/los-mil-yuyos.com.ar\/index.php\/wp-json\/wp\/v2\/types\/product"}],"replies":[{"embeddable":true,"href":"https:\/\/los-mil-yuyos.com.ar\/index.php\/wp-json\/wp\/v2\/comments?post=593"}],"wp:featuredmedia":[{"embeddable":true,"href":"https:\/\/los-mil-yuyos.com.ar\/index.php\/wp-json\/wp\/v2\/media\/595"}],"wp:attachment":[{"href":"https:\/\/los-mil-yuyos.com.ar\/index.php\/wp-json\/wp\/v2\/media?parent=593"}],"wp:term":[{"taxonomy":"product_cat","embeddable":true,"href":"https:\/\/los-mil-yuyos.com.ar\/index.php\/wp-json\/wp\/v2\/product_cat?post=593"},{"taxonomy":"product_tag","embeddable":true,"href":"https:\/\/los-mil-yuyos.com.ar\/index.php\/wp-json\/wp\/v2\/product_tag?post=593"}],"curies":[{"name":"wp","href":"https:\/\/api.w.org\/{rel}","templated":true}]}}